{"id":74,"date":"2018-08-24T01:25:26","date_gmt":"2018-08-24T01:25:26","guid":{"rendered":"http:\/\/192.168.1.209\/greenfarm\/?page_id=17"},"modified":"2024-11-24T08:03:44","modified_gmt":"2024-11-24T08:03:44","slug":"contact","status":"publish","type":"page","link":"http:\/\/hazaltextile.com\/ru\/contact\/","title":{"rendered":"\u041a\u043e\u043d\u0442\u0430\u043a\u0442\u044b"},"content":{"rendered":"<div class=\"vc_row wpb_row vc_row-fluid vc_custom_1638014706173\"><div class=\"contact-text wpb_column vc_column_container vc_col-sm-6\"><div class=\"vc_column-inner\"><div class=\"wpb_wrapper\">\n\t<div class=\"wpb_text_column wpb_content_element\" >\n\t\t<div class=\"wpb_wrapper\">\n\t\t\t<p><i class=\"fa fa-home\" aria-hidden=\"true\">icon<\/i><\/p>\n<h4>\u0410\u0434\u0440\u0435\u0441<\/h4>\n<p><strong>O\u0444\u0438\u0441 :<\/strong> \u0130ncilip\u0131nar Mah. Nail Bilen Cad. U\u011fur Plaza \u0130\u015f Merkezi No:\/197 Kat: 10 No:1005 Sehitkamil &#8211; Gaziantep \/ Turkey<\/p>\n<p><strong>\u0417\u0430\u0432\u043e\u0434<\/strong> 3. Organize Sanayi B\u00f6lgesi Ba\u015fp\u0131nar \u2013 \u015eehitkamil \u2013 Gaziantep \/ Turkey<\/p>\n<ul>\n<li style=\"list-style-type: none;\">\n<ul>\n<li><i class=\"fa fa-envelope-open-o\" aria-hidden=\"true\">icon<\/i><br \/>\n<h4>\u042d\u043b. \u0430\u0434\u0440\u0435\u0441<\/h4>\n<p>info@hazaltextile.com<\/li>\n<\/ul>\n<\/li>\n<\/ul>\n<p><i class=\"fa fa-phone\" aria-hidden=\"true\">icon<\/i><\/p>\n<h4>\u0442\u0435\u043b\u0435\u0444\u043e\u043d<\/h4>\n<p><strong>\u0442\u0435\u043b\u0435\u0444\u043e\u043d<\/strong>(+90 342) 326 59 84<\/p>\n<p><strong><i class=\"fa fa-whatsapp fa-lg\" style=\"color: green;\" aria-hidden=\"true\">icon\u00a0 <\/i><i class=\"fa fa-telegram fa-lg\" style=\"color: #30d5c8;\" aria-hidden=\"true\">icon <\/i>\u041c\u043e\u0431\u0438\u043b\u044c\u043d\u044b\u0439 :<\/strong>(+90 532) 342 45 65 (\u0420\u0443\u0441\u0441\u043a\u0438\u0439)<\/p>\n<p><strong><i class=\"fa fa-whatsapp fa-lg\" style=\"color: green;\" aria-hidden=\"true\">icon\u00a0 <i class=\"fa fa-telegram fa-lg\" style=\"color: #30d5c8;\" aria-hidden=\"true\">icon<\/i><\/i>\u00a0\u041c\u043e\u0431\u0438\u043b\u044c\u043d\u044b\u0439 :<\/strong>(+90 539) 546 45 65 (\u0410\u043d\u0433\u043b\u0438\u0439\u0441\u043a\u0438\u0439)<\/p>\n\n\t\t<\/div>\n\t<\/div>\n<\/div><\/div><\/div><div class=\"contact-form wpb_column vc_column_container vc_col-sm-6 vc_col-has-fill\"><div class=\"vc_column-inner vc_custom_1638014735335\"><div class=\"wpb_wrapper\"><h2 style=\"color: #0a0a0a;text-align: center;font-family:Averia Serif Libre;font-weight:400;font-style:normal\" class=\"vc_custom_heading\" >Contact With US<\/h2>\n\t<div class=\"wpb_raw_code wpb_content_element wpb_raw_html\" >\n\t\t<div class=\"wpb_wrapper\">\n\t\t\t\n\t\t<\/div>\n\t<\/div>\n<\/div><\/div><\/div><\/div>","protected":false},"excerpt":{"rendered":"icon Address Office : \u0130ncilip\u0131nar Mah. Nail Bilen Cad. U\u011fur Plaza \u0130\u015f Merkezi No:\/197 Kat: 10 No:1005 Sehitkamil - Gaziantep \/ Turkey Factory : 3. Organize Sanayi B\u00f6lgesi Ba\u015fp\u0131nar - \u015eehitkamil - Gaziantep \/ T\u00fcrkiye icon Email info@hazaltextile.com icon Phone Phone :(+90 342) 326 59 84 icon\u00a0 icon Mobile :(+90","protected":false},"author":1,"featured_media":0,"parent":0,"menu_order":0,"comment_status":"closed","ping_status":"closed","template":"page-templates\/contact-page.php","meta":{"_uag_custom_page_level_css":"","_joinchat":[],"footnotes":""},"class_list":["post-74","page","type-page","status-publish","hentry"],"yoast_head":"<!-- This site is optimized with the Yoast SEO plugin v23.9 - https:\/\/yoast.com\/wordpress\/plugins\/seo\/ -->\n<title>Contact | Hazal Fabrics<\/title>\n<meta name=\"robots\" content=\"index, follow, max-snippet:-1, max-image-preview:large, max-video-preview:-1\" \/>\n<link rel=\"canonical\" href=\"http:\/\/hazaltextile.com\/ru\/contact\/\" \/>\n<meta property=\"og:locale\" content=\"ru_RU\" \/>\n<meta property=\"og:type\" content=\"article\" \/>\n<meta property=\"og:title\" content=\"Contact | Hazal Fabrics\" \/>\n<meta property=\"og:url\" content=\"http:\/\/hazaltextile.com\/ru\/contact\/\" \/>\n<meta property=\"og:site_name\" content=\"Hazal Fabrics\" \/>\n<meta property=\"article:modified_time\" content=\"2024-11-24T08:03:44+00:00\" \/>\n<meta name=\"twitter:card\" content=\"summary_large_image\" \/>\n<meta name=\"twitter:label1\" content=\"\u041f\u0440\u0438\u043c\u0435\u0440\u043d\u043e\u0435 \u0432\u0440\u0435\u043c\u044f \u0434\u043b\u044f \u0447\u0442\u0435\u043d\u0438\u044f\" \/>\n\t<meta name=\"twitter:data1\" content=\"1 \u043c\u0438\u043d\u0443\u0442\u0430\" \/>\n<script type=\"application\/ld+json\" class=\"yoast-schema-graph\">{\"@context\":\"https:\/\/schema.org\",\"@graph\":[{\"@type\":\"WebPage\",\"@id\":\"http:\/\/hazaltextile.com\/en_us\/contact\/\",\"url\":\"http:\/\/hazaltextile.com\/en_us\/contact\/\",\"name\":\"Contact | Hazal Fabrics\",\"isPartOf\":{\"@id\":\"http:\/\/hazaltextile.com\/en_us\/#website\"},\"datePublished\":\"2018-08-24T01:25:26+00:00\",\"dateModified\":\"2024-11-24T08:03:44+00:00\",\"breadcrumb\":{\"@id\":\"http:\/\/hazaltextile.com\/en_us\/contact\/#breadcrumb\"},\"inLanguage\":\"ru-RU\",\"potentialAction\":[{\"@type\":\"ReadAction\",\"target\":[\"http:\/\/hazaltextile.com\/en_us\/contact\/\"]}]},{\"@type\":\"BreadcrumbList\",\"@id\":\"http:\/\/hazaltextile.com\/en_us\/contact\/#breadcrumb\",\"itemListElement\":[{\"@type\":\"ListItem\",\"position\":1,\"name\":\"Anasayfa\",\"item\":\"http:\/\/hazaltextile.com\/en_us\/\"},{\"@type\":\"ListItem\",\"position\":2,\"name\":\"Contact\"}]},{\"@type\":\"WebSite\",\"@id\":\"http:\/\/hazaltextile.com\/en_us\/#website\",\"url\":\"http:\/\/hazaltextile.com\/en_us\/\",\"name\":\"Hazal Fabrics\",\"description\":\"Manufacturer of High-Quality Fabrics\",\"publisher\":{\"@id\":\"http:\/\/hazaltextile.com\/en_us\/#organization\"},\"potentialAction\":[{\"@type\":\"SearchAction\",\"target\":{\"@type\":\"EntryPoint\",\"urlTemplate\":\"http:\/\/hazaltextile.com\/en_us\/?s={search_term_string}\"},\"query-input\":{\"@type\":\"PropertyValueSpecification\",\"valueRequired\":true,\"valueName\":\"search_term_string\"}}],\"inLanguage\":\"ru-RU\"},{\"@type\":\"Organization\",\"@id\":\"http:\/\/hazaltextile.com\/en_us\/#organization\",\"name\":\"Hazal Fabrics\",\"url\":\"http:\/\/hazaltextile.com\/en_us\/\",\"logo\":{\"@type\":\"ImageObject\",\"inLanguage\":\"ru-RU\",\"@id\":\"http:\/\/hazaltextile.com\/en_us\/#\/schema\/logo\/image\/\",\"url\":\"http:\/\/hazaltextile.com\/wp-content\/uploads\/2022\/04\/hzaal-logoArkayok.png\",\"contentUrl\":\"http:\/\/hazaltextile.com\/wp-content\/uploads\/2022\/04\/hzaal-logoArkayok.png\",\"width\":500,\"height\":500,\"caption\":\"Hazal Fabrics\"},\"image\":{\"@id\":\"http:\/\/hazaltextile.com\/en_us\/#\/schema\/logo\/image\/\"},\"sameAs\":[\"https:\/\/www.instagram.com\/hazalfabrics\/\"]}]}<\/script>\n<!-- \/ Yoast SEO plugin. -->","yoast_head_json":{"title":"Contact | Hazal Fabrics","robots":{"index":"index","follow":"follow","max-snippet":"max-snippet:-1","max-image-preview":"max-image-preview:large","max-video-preview":"max-video-preview:-1"},"canonical":"http:\/\/hazaltextile.com\/ru\/contact\/","og_locale":"ru_RU","og_type":"article","og_title":"Contact | Hazal Fabrics","og_url":"http:\/\/hazaltextile.com\/ru\/contact\/","og_site_name":"Hazal Fabrics","article_modified_time":"2024-11-24T08:03:44+00:00","twitter_card":"summary_large_image","twitter_misc":{"\u041f\u0440\u0438\u043c\u0435\u0440\u043d\u043e\u0435 \u0432\u0440\u0435\u043c\u044f \u0434\u043b\u044f \u0447\u0442\u0435\u043d\u0438\u044f":"1 \u043c\u0438\u043d\u0443\u0442\u0430"},"schema":{"@context":"https:\/\/schema.org","@graph":[{"@type":"WebPage","@id":"http:\/\/hazaltextile.com\/en_us\/contact\/","url":"http:\/\/hazaltextile.com\/en_us\/contact\/","name":"Contact | Hazal Fabrics","isPartOf":{"@id":"http:\/\/hazaltextile.com\/en_us\/#website"},"datePublished":"2018-08-24T01:25:26+00:00","dateModified":"2024-11-24T08:03:44+00:00","breadcrumb":{"@id":"http:\/\/hazaltextile.com\/en_us\/contact\/#breadcrumb"},"inLanguage":"ru-RU","potentialAction":[{"@type":"ReadAction","target":["http:\/\/hazaltextile.com\/en_us\/contact\/"]}]},{"@type":"BreadcrumbList","@id":"http:\/\/hazaltextile.com\/en_us\/contact\/#breadcrumb","itemListElement":[{"@type":"ListItem","position":1,"name":"Anasayfa","item":"http:\/\/hazaltextile.com\/en_us\/"},{"@type":"ListItem","position":2,"name":"Contact"}]},{"@type":"WebSite","@id":"http:\/\/hazaltextile.com\/en_us\/#website","url":"http:\/\/hazaltextile.com\/en_us\/","name":"Hazal Fabrics","description":"Manufacturer of High-Quality Fabrics","publisher":{"@id":"http:\/\/hazaltextile.com\/en_us\/#organization"},"potentialAction":[{"@type":"SearchAction","target":{"@type":"EntryPoint","urlTemplate":"http:\/\/hazaltextile.com\/en_us\/?s={search_term_string}"},"query-input":{"@type":"PropertyValueSpecification","valueRequired":true,"valueName":"search_term_string"}}],"inLanguage":"ru-RU"},{"@type":"Organization","@id":"http:\/\/hazaltextile.com\/en_us\/#organization","name":"Hazal Fabrics","url":"http:\/\/hazaltextile.com\/en_us\/","logo":{"@type":"ImageObject","inLanguage":"ru-RU","@id":"http:\/\/hazaltextile.com\/en_us\/#\/schema\/logo\/image\/","url":"http:\/\/hazaltextile.com\/wp-content\/uploads\/2022\/04\/hzaal-logoArkayok.png","contentUrl":"http:\/\/hazaltextile.com\/wp-content\/uploads\/2022\/04\/hzaal-logoArkayok.png","width":500,"height":500,"caption":"Hazal Fabrics"},"image":{"@id":"http:\/\/hazaltextile.com\/en_us\/#\/schema\/logo\/image\/"},"sameAs":["https:\/\/www.instagram.com\/hazalfabrics\/"]}]}},"uagb_featured_image_src":{"full":false,"thumbnail":false,"medium":false,"medium_large":false,"large":false,"1536x1536":false,"2048x2048":false,"trp-custom-language-flag":false,"post-thumbnail":false,"braga-category-thumb":false,"braga-post-thumb":false,"braga-post-thumbwide":false,"woocommerce_thumbnail":false,"woocommerce_single":false,"woocommerce_gallery_thumbnail":false},"uagb_author_info":{"display_name":"admin","author_link":"http:\/\/hazaltextile.com\/ru\/author\/admin\/"},"uagb_comment_info":0,"uagb_excerpt":null,"_links":{"self":[{"href":"http:\/\/hazaltextile.com\/ru\/wp-json\/wp\/v2\/pages\/74"}],"collection":[{"href":"http:\/\/hazaltextile.com\/ru\/wp-json\/wp\/v2\/pages"}],"about":[{"href":"http:\/\/hazaltextile.com\/ru\/wp-json\/wp\/v2\/types\/page"}],"author":[{"embeddable":true,"href":"http:\/\/hazaltextile.com\/ru\/wp-json\/wp\/v2\/users\/1"}],"replies":[{"embeddable":true,"href":"http:\/\/hazaltextile.com\/ru\/wp-json\/wp\/v2\/comments?post=74"}],"version-history":[{"count":46,"href":"http:\/\/hazaltextile.com\/ru\/wp-json\/wp\/v2\/pages\/74\/revisions"}],"predecessor-version":[{"id":3428,"href":"http:\/\/hazaltextile.com\/ru\/wp-json\/wp\/v2\/pages\/74\/revisions\/3428"}],"wp:attachment":[{"href":"http:\/\/hazaltextile.com\/ru\/wp-json\/wp\/v2\/media?parent=74"}],"curies":[{"name":"wp","href":"https:\/\/api.w.org\/{rel}","templated":true}]}}